{"id":50103,"date":"2024-08-27T14:16:27","date_gmt":"2024-08-27T12:16:27","guid":{"rendered":"https:\/\/beldurbarik.eus\/01-hasiera\/lehiaketa\/aurreko-urteak\/lan-irabazleak-2023\/aurkeztutako-lanak-19-20-urte\/"},"modified":"2025-08-28T14:58:51","modified_gmt":"2025-08-28T12:58:51","slug":"aurkeztutako-lanak-19-20-urte","status":"publish","type":"page","link":"https:\/\/beldurbarik.eus\/eu\/lehiaketa\/aurreko-urteak\/lan-irabazleak-2023\/aurkeztutako-lanak-19-20-urte\/","title":{"rendered":"Aurkeztutako lanak 19-20 urte"},"content":{"rendered":"<section class=\"l-section wpb_row height_medium\"><div class=\"l-section-h i-cf\"><div class=\"g-cols vc_row via_grid cols_1 laptops-cols_inherit tablets-cols_inherit mobiles-cols_1 valign_top type_default stacking_default\"><div class=\"wpb_column vc_column_container\"><div class=\"vc_column-inner\"><div class=\"wpb_text_column\"><div class=\"wpb_wrapper\"><h1>2023an aurkeztutako lanak<br \/> 3. kategoria (19-20 urte)<\/h1>\n<p><iframe src=\"https:\/\/www.youtube.com\/embed\/AkcCwdhmjyo?feature=oembed&amp;start&amp;end&amp;wmode=opaque&amp;loop=0&amp;controls=1&amp;mute=0&amp;rel=0&amp;modestbranding=1\" allowfullscreen=\"allowfullscreen\"><\/iframe><\/p>\n<h2>&#8220;Edozein momentuan, edozein lekuan&#8221;<\/h2>\n<p><strong>Herria:<\/strong> Bilbo<\/p>\n<p><iframe src=\"https:\/\/www.youtube.com\/embed\/kYK4Y6TBdQ0?feature=oembed&amp;start&amp;end&amp;wmode=opaque&amp;loop=0&amp;controls=1&amp;mute=0&amp;rel=0&amp;modestbranding=1\" allowfullscreen=\"allowfullscreen\"><\/iframe><\/p>\n<h2>&#8220;Gauak diskotekan&#8221;<\/h2>\n<p><strong>Herria:<\/strong> Bilbo<\/p>\n<p><iframe src=\"https:\/\/www.youtube.com\/embed\/stkzW5g2Xko?feature=oembed&amp;start&amp;end&amp;wmode=opaque&amp;loop=0&amp;controls=1&amp;mute=0&amp;rel=0&amp;modestbranding=1\" allowfullscreen=\"allowfullscreen\"><\/iframe><\/p>\n<h2>&#8220;Emakumeko injustizia&#8221;<\/h2>\n<p><strong>Herria:<\/strong> Bilbo<\/p>\n<p><iframe src=\"https:\/\/player.vimeo.com\/video\/883363202?color&amp;autopause=0&amp;loop=0&amp;muted=0&amp;title=0&amp;portrait=0&amp;byline=0&amp;h\" allowfullscreen=\"allowfullscreen\"><\/iframe><\/p>\n<h2>&#8220;Haizeberri&#8221;<\/h2>\n<p><strong>Herria:<\/strong> Bilbo<\/p>\n<p><iframe src=\"https:\/\/www.youtube.com\/embed\/q8Je2mEWBcw?feature=oembed&amp;start&amp;end&amp;wmode=opaque&amp;loop=0&amp;controls=1&amp;mute=0&amp;rel=0&amp;modestbranding=1\" allowfullscreen=\"allowfullscreen\"><\/iframe><\/p>\n<h2>&#8220;SIMUL&#8221;<\/h2>\n<p><strong>Herria:<\/strong> Bilbo<\/p>\n<p><iframe src=\"https:\/\/www.youtube.com\/embed\/FKuMrhok2OU?feature=oembed&amp;start&amp;end&amp;wmode=opaque&amp;loop=0&amp;controls=1&amp;mute=0&amp;rel=0&amp;modestbranding=1\" allowfullscreen=\"allowfullscreen\"><\/iframe><\/p>\n<h2>&#8220;Prima della tempesta&#8221;<\/h2>\n<p><strong>Herria:<\/strong> Bilbo<\/p>\n<p><iframe src=\"https:\/\/www.youtube.com\/embed\/kkRuZ3uwUDw?feature=oembed&amp;start&amp;end&amp;wmode=opaque&amp;loop=0&amp;controls=1&amp;mute=0&amp;rel=0&amp;modestbranding=1\" allowfullscreen=\"allowfullscreen\"><\/iframe><\/p>\n<h2>&#8220;Beldur barik 2023&#8221;<\/h2>\n<p><strong>Herria:<\/strong> Bilbo<\/p>\n<p><iframe src=\"https:\/\/www.youtube.com\/embed\/vTHuIO44On0?feature=oembed&amp;start&amp;end&amp;wmode=opaque&amp;loop=0&amp;controls=1&amp;mute=0&amp;rel=0&amp;modestbranding=1\" allowfullscreen=\"allowfullscreen\"><\/iframe><\/p>\n<h2>&#8220;Libre izan&#8221;<\/h2>\n<p><strong>Herria:<\/strong> Bilbo<\/p>\n<p><iframe src=\"https:\/\/www.youtube.com\/embed\/HetkuX3IuU4?feature=oembed&amp;start&amp;end&amp;wmode=opaque&amp;loop=0&amp;controls=1&amp;mute=0&amp;rel=0&amp;modestbranding=1\" allowfullscreen=\"allowfullscreen\"><\/iframe><\/p>\n<h2>&#8220;Me voy por mi bien&#8221;<\/h2>\n<p><strong>Herria:<\/strong> Irun<\/p>\n<p><iframe src=\"https:\/\/www.youtube.com\/embed\/SktQ_bDieE8?feature=oembed&amp;start&amp;end&amp;wmode=opaque&amp;loop=0&amp;controls=1&amp;mute=0&amp;rel=0&amp;modestbranding=1\" allowfullscreen=\"allowfullscreen\"><\/iframe><\/p>\n<h2>&#8220;Eraso matxistarik ez&#8221;<\/h2>\n<p><strong>Herria:<\/strong> Bilbo<\/p>\n<p><iframe src=\"https:\/\/www.youtube.com\/embed\/jECI0Wes1dw?feature=oembed&amp;start&amp;end&amp;wmode=opaque&amp;loop=0&amp;controls=1&amp;mute=0&amp;rel=0&amp;modestbranding=1\" allowfullscreen=\"allowfullscreen\"><\/iframe><\/p>\n<h2>&#8220;Maite zaitut&#8221;<\/h2>\n<p><strong>Herria:<\/strong> Donostia<\/p>\n<p><iframe src=\"https:\/\/www.youtube.com\/embed\/meGy-neLi9k?feature=oembed&amp;start&amp;end&amp;wmode=opaque&amp;loop=0&amp;controls=1&amp;mute=0&amp;rel=0&amp;modestbranding=1\" allowfullscreen=\"allowfullscreen\"><\/iframe><\/p>\n<h2>&#8220;Indarrarekin&#8221;<\/h2>\n<p><strong>Herria:<\/strong> Santurtzi<\/p>\n<p><iframe src=\"https:\/\/www.youtube.com\/embed\/5VfkoMgM52M?feature=oembed&amp;start&amp;end&amp;wmode=opaque&amp;loop=0&amp;controls=1&amp;mute=0&amp;rel=0&amp;modestbranding=1\" allowfullscreen=\"allowfullscreen\"><\/iframe><\/p>\n<h2>&#8220;Hautsi zure buruko kateak&#8221;<\/h2>\n<p><strong>Herria:<\/strong> Santurtzi<\/p>\n<p><iframe src=\"https:\/\/www.youtube.com\/embed\/a0KkUUWzMy0?feature=oembed&amp;start&amp;end&amp;wmode=opaque&amp;loop=0&amp;controls=1&amp;mute=0&amp;rel=0&amp;modestbranding=1\" allowfullscreen=\"allowfullscreen\"><\/iframe><\/p>\n<h2>&#8220;Emakumeon eguneroko borroka&#8221;<\/h2>\n<p><strong>Herria:<\/strong> Elgoibar<\/p>\n<p><iframe src=\"https:\/\/www.youtube.com\/embed\/NMMPy-hC6iQ?feature=oembed&amp;start&amp;end&amp;wmode=opaque&amp;loop=0&amp;controls=1&amp;mute=0&amp;rel=0&amp;modestbranding=1\" allowfullscreen=\"allowfullscreen\"><\/iframe><\/p>\n<h2>&#8220;Beldur barik&#8221;<\/h2>\n<p><strong>Herria:<\/strong> Santurtzi<\/p>\n<p><iframe src=\"https:\/\/www.youtube.com\/embed\/Iw3rDLUHKEM?feature=oembed&amp;start&amp;end&amp;wmode=opaque&amp;loop=0&amp;controls=1&amp;mute=0&amp;rel=0&amp;modestbranding=1\" allowfullscreen=\"allowfullscreen\"><\/iframe><\/p>\n<h2>&#8220;Emakumeen egunerokotasuna&#8221;<\/h2>\n<p><strong>Herria:<\/strong> Elgoibar<\/p>\n<p><iframe src=\"https:\/\/www.youtube.com\/embed\/ci0EsOT0FYQ?feature=oembed&amp;start&amp;end&amp;wmode=opaque&amp;loop=0&amp;controls=1&amp;mute=0&amp;rel=0&amp;modestbranding=1\" allowfullscreen=\"allowfullscreen\"><\/iframe><\/p>\n<h2>&#8220;Beldur barik&#8221;<\/h2>\n<p><strong>Herria:<\/strong> Bilbo<\/p>\n<p><iframe src=\"https:\/\/www.youtube.com\/embed\/Il3xS38rVwg?feature=oembed&amp;start&amp;end&amp;wmode=opaque&amp;loop=0&amp;controls=1&amp;mute=0&amp;rel=0&amp;modestbranding=1\" allowfullscreen=\"allowfullscreen\"><\/iframe><\/p>\n<h2>&#8220;Garaziren Garaipena&#8221;<\/h2>\n<p><strong>Herria:<\/strong> Santurtzi<\/p>\n<p><iframe src=\"https:\/\/www.youtube.com\/embed\/TDKubUnUld0?feature=oembed&amp;start&amp;end&amp;wmode=opaque&amp;loop=0&amp;controls=1&amp;mute=0&amp;rel=0&amp;modestbranding=1\" allowfullscreen=\"allowfullscreen\"><\/iframe><\/p>\n<h2>&#8220;Gritos silenciados, la violencia de genero en el espacio virtual&#8221;<\/h2>\n<p><strong>Herria:<\/strong> Santurtzi<\/p>\n<p><iframe src=\"https:\/\/www.youtube.com\/embed\/KSJDunO5tis?feature=oembed&amp;start&amp;end&amp;wmode=opaque&amp;loop=0&amp;controls=1&amp;mute=0&amp;rel=0&amp;modestbranding=1\" allowfullscreen=\"allowfullscreen\"><\/iframe><\/p>\n<h2>&#8220;M\u00e1s all\u00e1 de lo f\u00edsico&#8221;<\/h2>\n<p><strong>Herria:<\/strong> Santurtzi<\/p>\n<p><iframe src=\"https:\/\/www.youtube.com\/embed\/HRjFOTu1HwY?feature=oembed&amp;start&amp;end&amp;wmode=opaque&amp;loop=0&amp;controls=1&amp;mute=0&amp;rel=0&amp;modestbranding=1\" allowfullscreen=\"allowfullscreen\"><\/iframe><\/p>\n<h2>&#8220;Emakume zimeldua&#8221;<\/h2>\n<p><strong>Herria:<\/strong> Santurtzi<\/p>\n<\/p>\n<p>&nbsp;<\/p>\n<\/div><\/div><\/div><\/div><\/div><\/div><\/section>\n<!-- \/wp:post-content -->","protected":false},"excerpt":{"rendered":"2023an aurkeztutako lanak 3. kategoria (19-20 urte) &#8220;Edozein momentuan, edozein lekuan&#8221; Herria: Bilbo &#8220;Gauak diskotekan&#8221; Herria: Bilbo &#8220;Emakumeko injustizia&#8221; Herria: Bilbo &#8220;Haizeberri&#8221; Herria: Bilbo &#8220;SIMUL&#8221; Herria: Bilbo &#8220;Prima della tempesta&#8221; Herria: Bilbo &#8220;Beldur barik 2023&#8221; Herria: Bilbo &#8220;Libre izan&#8221; Herria: Bilbo &#8220;Me voy por mi bien&#8221; Herria: Irun &#8220;Eraso matxistarik ez&#8221; Herria: Bilbo &#8220;Maite zaitut&#8221;...","protected":false},"author":2124,"featured_media":0,"parent":50093,"menu_order":54,"comment_status":"closed","ping_status":"closed","template":"","meta":{"_acf_changed":false,"footnotes":""},"class_list":["post-50103","page","type-page","status-publish","hentry"],"acf":[],"yoast_head":"<!-- This site is optimized with the Yoast SEO plugin v27.3 - https:\/\/yoast.com\/product\/yoast-seo-wordpress\/ -->\n<title>Aurkeztutako lanak 19-20 urte - Beldur Barik<\/title>\n<meta name=\"robots\" content=\"index, follow, max-snippet:-1, max-image-preview:large, max-video-preview:-1\" \/>\n<link rel=\"canonical\" href=\"https:\/\/beldurbarik.eus\/eu\/lehiaketa\/aurreko-urteak\/lan-irabazleak-2023\/aurkeztutako-lanak-19-20-urte\/\" \/>\n<meta property=\"og:locale\" content=\"en_US\" \/>\n<meta property=\"og:type\" content=\"article\" \/>\n<meta property=\"og:title\" content=\"Aurkeztutako lanak 19-20 urte - Beldur Barik\" \/>\n<meta property=\"og:url\" content=\"https:\/\/beldurbarik.eus\/eu\/lehiaketa\/aurreko-urteak\/lan-irabazleak-2023\/aurkeztutako-lanak-19-20-urte\/\" \/>\n<meta property=\"og:site_name\" content=\"Beldur Barik\" \/>\n<meta property=\"article:modified_time\" content=\"2025-08-28T12:58:51+00:00\" \/>\n<meta name=\"twitter:card\" content=\"summary_large_image\" \/>\n<meta name=\"twitter:label1\" content=\"Est. reading time\" \/>\n\t<meta name=\"twitter:data1\" content=\"1 minutua\" \/>\n<script type=\"application\/ld+json\" class=\"yoast-schema-graph\">{\"@context\":\"https:\\\/\\\/schema.org\",\"@graph\":[{\"@type\":\"WebPage\",\"@id\":\"https:\\\/\\\/beldurbarik.eus\\\/eu\\\/lehiaketa\\\/aurreko-urteak\\\/lan-irabazleak-2023\\\/aurkeztutako-lanak-19-20-urte\\\/\",\"url\":\"https:\\\/\\\/beldurbarik.eus\\\/eu\\\/lehiaketa\\\/aurreko-urteak\\\/lan-irabazleak-2023\\\/aurkeztutako-lanak-19-20-urte\\\/\",\"name\":\"Aurkeztutako lanak 19-20 urte - Beldur Barik\",\"isPartOf\":{\"@id\":\"https:\\\/\\\/beldurbarik.eus\\\/#website\"},\"datePublished\":\"2024-08-27T12:16:27+00:00\",\"dateModified\":\"2025-08-28T12:58:51+00:00\",\"breadcrumb\":{\"@id\":\"https:\\\/\\\/beldurbarik.eus\\\/eu\\\/lehiaketa\\\/aurreko-urteak\\\/lan-irabazleak-2023\\\/aurkeztutako-lanak-19-20-urte\\\/#breadcrumb\"},\"inLanguage\":\"eu\",\"potentialAction\":[{\"@type\":\"ReadAction\",\"target\":[\"https:\\\/\\\/beldurbarik.eus\\\/eu\\\/lehiaketa\\\/aurreko-urteak\\\/lan-irabazleak-2023\\\/aurkeztutako-lanak-19-20-urte\\\/\"]}]},{\"@type\":\"BreadcrumbList\",\"@id\":\"https:\\\/\\\/beldurbarik.eus\\\/eu\\\/lehiaketa\\\/aurreko-urteak\\\/lan-irabazleak-2023\\\/aurkeztutako-lanak-19-20-urte\\\/#breadcrumb\",\"itemListElement\":[{\"@type\":\"ListItem\",\"position\":1,\"name\":\"Home\",\"item\":\"https:\\\/\\\/beldurbarik.eus\\\/eu\\\/\"},{\"@type\":\"ListItem\",\"position\":2,\"name\":\"Lehiaketa\",\"item\":\"https:\\\/\\\/beldurbarik.eus\\\/eu\\\/01-hasiera__trashed\\\/lehiaketa\\\/\"},{\"@type\":\"ListItem\",\"position\":3,\"name\":\"Aurreko urteak\",\"item\":\"https:\\\/\\\/beldurbarik.eus\\\/eu\\\/01-hasiera__trashed\\\/lehiaketa\\\/aurreko-urteak\\\/\"},{\"@type\":\"ListItem\",\"position\":4,\"name\":\"Lan irabazleak 2023\",\"item\":\"https:\\\/\\\/beldurbarik.eus\\\/eu\\\/lehiaketa\\\/aurreko-urteak\\\/lan-irabazleak-2023\\\/\"},{\"@type\":\"ListItem\",\"position\":5,\"name\":\"Aurkeztutako lanak 19-20 urte\"}]},{\"@type\":\"WebSite\",\"@id\":\"https:\\\/\\\/beldurbarik.eus\\\/#website\",\"url\":\"https:\\\/\\\/beldurbarik.eus\\\/\",\"name\":\"Beldur Barik\",\"description\":\"Pentsatu, eztabaidatu eta ekin Beldur Barik jarrerarekin!\",\"potentialAction\":[{\"@type\":\"SearchAction\",\"target\":{\"@type\":\"EntryPoint\",\"urlTemplate\":\"https:\\\/\\\/beldurbarik.eus\\\/?s={search_term_string}\"},\"query-input\":{\"@type\":\"PropertyValueSpecification\",\"valueRequired\":true,\"valueName\":\"search_term_string\"}}],\"inLanguage\":\"eu\"}]}<\/script>\n<!-- \/ Yoast SEO plugin. -->","yoast_head_json":{"title":"Aurkeztutako lanak 19-20 urte - Beldur Barik","robots":{"index":"index","follow":"follow","max-snippet":"max-snippet:-1","max-image-preview":"max-image-preview:large","max-video-preview":"max-video-preview:-1"},"canonical":"https:\/\/beldurbarik.eus\/eu\/lehiaketa\/aurreko-urteak\/lan-irabazleak-2023\/aurkeztutako-lanak-19-20-urte\/","og_locale":"en_US","og_type":"article","og_title":"Aurkeztutako lanak 19-20 urte - Beldur Barik","og_url":"https:\/\/beldurbarik.eus\/eu\/lehiaketa\/aurreko-urteak\/lan-irabazleak-2023\/aurkeztutako-lanak-19-20-urte\/","og_site_name":"Beldur Barik","article_modified_time":"2025-08-28T12:58:51+00:00","twitter_card":"summary_large_image","twitter_misc":{"Est. reading time":"1 minutua"},"schema":{"@context":"https:\/\/schema.org","@graph":[{"@type":"WebPage","@id":"https:\/\/beldurbarik.eus\/eu\/lehiaketa\/aurreko-urteak\/lan-irabazleak-2023\/aurkeztutako-lanak-19-20-urte\/","url":"https:\/\/beldurbarik.eus\/eu\/lehiaketa\/aurreko-urteak\/lan-irabazleak-2023\/aurkeztutako-lanak-19-20-urte\/","name":"Aurkeztutako lanak 19-20 urte - Beldur Barik","isPartOf":{"@id":"https:\/\/beldurbarik.eus\/#website"},"datePublished":"2024-08-27T12:16:27+00:00","dateModified":"2025-08-28T12:58:51+00:00","breadcrumb":{"@id":"https:\/\/beldurbarik.eus\/eu\/lehiaketa\/aurreko-urteak\/lan-irabazleak-2023\/aurkeztutako-lanak-19-20-urte\/#breadcrumb"},"inLanguage":"eu","potentialAction":[{"@type":"ReadAction","target":["https:\/\/beldurbarik.eus\/eu\/lehiaketa\/aurreko-urteak\/lan-irabazleak-2023\/aurkeztutako-lanak-19-20-urte\/"]}]},{"@type":"BreadcrumbList","@id":"https:\/\/beldurbarik.eus\/eu\/lehiaketa\/aurreko-urteak\/lan-irabazleak-2023\/aurkeztutako-lanak-19-20-urte\/#breadcrumb","itemListElement":[{"@type":"ListItem","position":1,"name":"Home","item":"https:\/\/beldurbarik.eus\/eu\/"},{"@type":"ListItem","position":2,"name":"Lehiaketa","item":"https:\/\/beldurbarik.eus\/eu\/01-hasiera__trashed\/lehiaketa\/"},{"@type":"ListItem","position":3,"name":"Aurreko urteak","item":"https:\/\/beldurbarik.eus\/eu\/01-hasiera__trashed\/lehiaketa\/aurreko-urteak\/"},{"@type":"ListItem","position":4,"name":"Lan irabazleak 2023","item":"https:\/\/beldurbarik.eus\/eu\/lehiaketa\/aurreko-urteak\/lan-irabazleak-2023\/"},{"@type":"ListItem","position":5,"name":"Aurkeztutako lanak 19-20 urte"}]},{"@type":"WebSite","@id":"https:\/\/beldurbarik.eus\/#website","url":"https:\/\/beldurbarik.eus\/","name":"Beldur Barik","description":"Pentsatu, eztabaidatu eta ekin Beldur Barik jarrerarekin!","potentialAction":[{"@type":"SearchAction","target":{"@type":"EntryPoint","urlTemplate":"https:\/\/beldurbarik.eus\/?s={search_term_string}"},"query-input":{"@type":"PropertyValueSpecification","valueRequired":true,"valueName":"search_term_string"}}],"inLanguage":"eu"}]}},"_links":{"self":[{"href":"https:\/\/beldurbarik.eus\/eu\/wp-json\/wp\/v2\/pages\/50103","targetHints":{"allow":["GET"]}}],"collection":[{"href":"https:\/\/beldurbarik.eus\/eu\/wp-json\/wp\/v2\/pages"}],"about":[{"href":"https:\/\/beldurbarik.eus\/eu\/wp-json\/wp\/v2\/types\/page"}],"author":[{"embeddable":true,"href":"https:\/\/beldurbarik.eus\/eu\/wp-json\/wp\/v2\/users\/2124"}],"replies":[{"embeddable":true,"href":"https:\/\/beldurbarik.eus\/eu\/wp-json\/wp\/v2\/comments?post=50103"}],"version-history":[{"count":4,"href":"https:\/\/beldurbarik.eus\/eu\/wp-json\/wp\/v2\/pages\/50103\/revisions"}],"predecessor-version":[{"id":52174,"href":"https:\/\/beldurbarik.eus\/eu\/wp-json\/wp\/v2\/pages\/50103\/revisions\/52174"}],"up":[{"embeddable":true,"href":"https:\/\/beldurbarik.eus\/eu\/wp-json\/wp\/v2\/pages\/50093"}],"wp:attachment":[{"href":"https:\/\/beldurbarik.eus\/eu\/wp-json\/wp\/v2\/media?parent=50103"}],"curies":[{"name":"wp","href":"https:\/\/api.w.org\/{rel}","templated":true}]}}