{"id":50105,"date":"2024-08-27T14:21:57","date_gmt":"2024-08-27T12:21:57","guid":{"rendered":"https:\/\/beldurbarik.eus\/01-hasiera\/lehiaketa\/aurreko-urteak\/lan-irabazleak-2020\/"},"modified":"2025-08-28T13:47:31","modified_gmt":"2025-08-28T11:47:31","slug":"lan-irabazleak-2020","status":"publish","type":"page","link":"https:\/\/beldurbarik.eus\/eu\/lehiaketa\/aurreko-urteak\/lan-irabazleak-2020\/","title":{"rendered":"Lan irabazleak 2020"},"content":{"rendered":"<section class=\"l-section wpb_row height_medium\"><div class=\"l-section-h i-cf\"><div class=\"g-cols vc_row via_grid cols_1 laptops-cols_inherit tablets-cols_inherit mobiles-cols_1 valign_top type_default stacking_default\"><div class=\"wpb_column vc_column_container\"><div class=\"vc_column-inner\"><div class=\"wpb_text_column\"><div class=\"wpb_wrapper\"><h1>1. Kategoria (12-13 urte)<\/h1>\n<p><video src=\"https:\/\/beldurbarik.eus\/wp-content\/uploads\/video\/Martxoak-8.mp4#t=6\" controls=\"controls\" width=\"300\" height=\"150\"><\/video><\/p>\n<h2>&#8220;Martxoak 8&#8221;<\/h2>\n<p><strong>EGILEAK:<\/strong> Aisha Zampaligre, Daniela Padilla, Izaro Martinez, Laida Hierro, Luc\u00eda Salinas, Naroa Olmo, Aizea Mateo<\/p>\n<p><video src=\"https:\/\/beldurbarik.eus\/wp-content\/uploads\/video\/Eman-buelta-zure-ipuinari.mp4#t=1\" controls=\"controls\" width=\"300\" height=\"150\"><\/video><\/p>\n<h2>&#8220;Eman buelta zure ipuinari&#8221;<\/h2>\n<p><strong>EGILEAK:<\/strong> Naroa Rodriguez, June Gallardo, Lucia Garcia, Ekaitz Prieto, Axpe Aja, Lorea Lopez, Aner Esmeralda, Miren Bouzo, Unax Dosantos, Martin Maeztu<\/p>\n<h2>2. Kategoria (14-18 urte)<\/h2>\n<p><video src=\"https:\/\/beldurbarik.eus\/wp-content\/uploads\/video\/Lerro-berrien-artean.mp4#t=2\" controls=\"controls\" width=\"300\" height=\"150\"><\/video><\/p>\n<h2>&#8220;Lerro berrien artean&#8221;<\/h2>\n<p><strong>EGILEAK:<\/strong> Haizea Basterretxea, Maddi Aranburu, Itxasne Gandiaga, Jon Revuelta, Aritz Gimeno, Nerea Etxaburu, Niko Arrizabalaga<\/p>\n<p><video src=\"https:\/\/beldurbarik.eus\/wp-content\/uploads\/video\/Por-que.mp4#t=1\" controls=\"controls\" width=\"300\" height=\"150\"><\/video><\/p>\n<h2>&#8220;\u00bfPor qu\u00e9?&#8221;<\/h2>\n<p><strong>EGILEAK:<\/strong> Enara Alonso Izaguirre<\/p>\n<h2>3. Kategoria (19-20 urte)<\/h2>\n<p><video src=\"https:\/\/beldurbarik.eus\/wp-content\/uploads\/video\/Oldartu-rebelate.mp4#t=2\" controls=\"controls\" width=\"300\" height=\"150\"><\/video><\/p>\n<h2>&#8220;Oldartu &#8211; Reb\u00e9late&#8221;<\/h2>\n<p><strong>EGILEAK:<\/strong> Aisha Acosta Mart\u00ednez, Leire Arrate L\u00f3pez de Haro, Asier Barruetabe\u00f1a Anchustegui, Leire de Blas Vergara<\/p>\n<p><video src=\"https:\/\/beldurbarik.eus\/wp-content\/uploads\/video\/Gure-misioa.mp4#t=2\" controls=\"controls\" width=\"300\" height=\"150\"><\/video><\/p>\n<h2>&#8220;Gure misioa&#8221;<\/h2>\n<p><strong>EGILEAK:<\/strong> Iratxe Aguilera Barrio<\/p>\n<h2>Ikus-entzunezko lan onenaren saria<\/h2>\n<p><video src=\"https:\/\/beldurbarik.eus\/wp-content\/uploads\/video\/errebeliazioa.mp4#t=2\" controls=\"controls\" width=\"300\" height=\"150\"><\/video><\/p>\n<h2>&#8220;Errebelazioa&#8221;<\/h2>\n<p><strong>EGILEAK:<\/strong> Uxue Bereziartua Lonbide, Miren Bereziartua Lonbide<\/p>\n<h2>Partaidetza saria<\/h2>\n<p><video src=\"https:\/\/beldurbarik.eus\/wp-content\/uploads\/video\/Oldartu-rebelate-participacion.mp4#t=2\" controls=\"controls\" width=\"300\" height=\"150\"><\/video><\/p>\n<h2>&#8220;Oldartu &#8211; Reb\u00e9late&#8221;<\/h2>\n<p><strong>EGILEAK:<\/strong> Aisha Acosta Mart\u00ednez, Leire Arrate L\u00f3pez de Haro, Asier Barruetabe\u00f1a Anchustegui, Leire de Blas Vergara<\/p>\n<\/div><\/div><\/div><\/div><\/div><\/div><\/section><!-- \/wp:post-content -->","protected":false},"excerpt":{"rendered":"1. Kategoria (12-13 urte) &#8220;Martxoak 8&#8221; EGILEAK: Aisha Zampaligre, Daniela Padilla, Izaro Martinez, Laida Hierro, Luc\u00eda Salinas, Naroa Olmo, Aizea Mateo &#8220;Eman buelta zure ipuinari&#8221; EGILEAK: Naroa Rodriguez, June Gallardo, Lucia Garcia, Ekaitz Prieto, Axpe Aja, Lorea Lopez, Aner Esmeralda, Miren Bouzo, Unax Dosantos, Martin Maeztu 2. Kategoria (14-18 urte) &#8220;Lerro berrien artean&#8221; EGILEAK: Haizea...","protected":false},"author":2124,"featured_media":0,"parent":50092,"menu_order":42,"comment_status":"closed","ping_status":"closed","template":"","meta":{"_acf_changed":false,"footnotes":""},"class_list":["post-50105","page","type-page","status-publish","hentry"],"acf":[],"yoast_head":"<!-- This site is optimized with the Yoast SEO plugin v27.3 - https:\/\/yoast.com\/product\/yoast-seo-wordpress\/ -->\n<title>Lan irabazleak 2020 - Beldur Barik<\/title>\n<meta name=\"robots\" content=\"index, follow, max-snippet:-1, max-image-preview:large, max-video-preview:-1\" \/>\n<link rel=\"canonical\" href=\"https:\/\/beldurbarik.eus\/eu\/lehiaketa\/aurreko-urteak\/lan-irabazleak-2020\/\" \/>\n<meta property=\"og:locale\" content=\"en_US\" \/>\n<meta property=\"og:type\" content=\"article\" \/>\n<meta property=\"og:title\" content=\"Lan irabazleak 2020 - Beldur Barik\" \/>\n<meta property=\"og:url\" content=\"https:\/\/beldurbarik.eus\/eu\/lehiaketa\/aurreko-urteak\/lan-irabazleak-2020\/\" \/>\n<meta property=\"og:site_name\" content=\"Beldur Barik\" \/>\n<meta property=\"article:modified_time\" content=\"2025-08-28T11:47:31+00:00\" \/>\n<meta name=\"twitter:card\" content=\"summary_large_image\" \/>\n<meta name=\"twitter:label1\" content=\"Est. reading time\" \/>\n\t<meta name=\"twitter:data1\" content=\"1 minutua\" \/>\n<script type=\"application\/ld+json\" class=\"yoast-schema-graph\">{\"@context\":\"https:\\\/\\\/schema.org\",\"@graph\":[{\"@type\":\"WebPage\",\"@id\":\"https:\\\/\\\/beldurbarik.eus\\\/eu\\\/lehiaketa\\\/aurreko-urteak\\\/lan-irabazleak-2020\\\/\",\"url\":\"https:\\\/\\\/beldurbarik.eus\\\/eu\\\/lehiaketa\\\/aurreko-urteak\\\/lan-irabazleak-2020\\\/\",\"name\":\"Lan irabazleak 2020 - Beldur Barik\",\"isPartOf\":{\"@id\":\"https:\\\/\\\/beldurbarik.eus\\\/#website\"},\"datePublished\":\"2024-08-27T12:21:57+00:00\",\"dateModified\":\"2025-08-28T11:47:31+00:00\",\"breadcrumb\":{\"@id\":\"https:\\\/\\\/beldurbarik.eus\\\/eu\\\/lehiaketa\\\/aurreko-urteak\\\/lan-irabazleak-2020\\\/#breadcrumb\"},\"inLanguage\":\"eu\",\"potentialAction\":[{\"@type\":\"ReadAction\",\"target\":[\"https:\\\/\\\/beldurbarik.eus\\\/eu\\\/lehiaketa\\\/aurreko-urteak\\\/lan-irabazleak-2020\\\/\"]}]},{\"@type\":\"BreadcrumbList\",\"@id\":\"https:\\\/\\\/beldurbarik.eus\\\/eu\\\/lehiaketa\\\/aurreko-urteak\\\/lan-irabazleak-2020\\\/#breadcrumb\",\"itemListElement\":[{\"@type\":\"ListItem\",\"position\":1,\"name\":\"Home\",\"item\":\"https:\\\/\\\/beldurbarik.eus\\\/eu\\\/\"},{\"@type\":\"ListItem\",\"position\":2,\"name\":\"Lehiaketa\",\"item\":\"https:\\\/\\\/beldurbarik.eus\\\/eu\\\/01-hasiera__trashed\\\/lehiaketa\\\/\"},{\"@type\":\"ListItem\",\"position\":3,\"name\":\"Aurreko urteak\",\"item\":\"https:\\\/\\\/beldurbarik.eus\\\/eu\\\/01-hasiera__trashed\\\/lehiaketa\\\/aurreko-urteak\\\/\"},{\"@type\":\"ListItem\",\"position\":4,\"name\":\"Lan irabazleak 2020\"}]},{\"@type\":\"WebSite\",\"@id\":\"https:\\\/\\\/beldurbarik.eus\\\/#website\",\"url\":\"https:\\\/\\\/beldurbarik.eus\\\/\",\"name\":\"Beldur Barik\",\"description\":\"Pentsatu, eztabaidatu eta ekin Beldur Barik jarrerarekin!\",\"potentialAction\":[{\"@type\":\"SearchAction\",\"target\":{\"@type\":\"EntryPoint\",\"urlTemplate\":\"https:\\\/\\\/beldurbarik.eus\\\/?s={search_term_string}\"},\"query-input\":{\"@type\":\"PropertyValueSpecification\",\"valueRequired\":true,\"valueName\":\"search_term_string\"}}],\"inLanguage\":\"eu\"}]}<\/script>\n<!-- \/ Yoast SEO plugin. -->","yoast_head_json":{"title":"Lan irabazleak 2020 - Beldur Barik","robots":{"index":"index","follow":"follow","max-snippet":"max-snippet:-1","max-image-preview":"max-image-preview:large","max-video-preview":"max-video-preview:-1"},"canonical":"https:\/\/beldurbarik.eus\/eu\/lehiaketa\/aurreko-urteak\/lan-irabazleak-2020\/","og_locale":"en_US","og_type":"article","og_title":"Lan irabazleak 2020 - Beldur Barik","og_url":"https:\/\/beldurbarik.eus\/eu\/lehiaketa\/aurreko-urteak\/lan-irabazleak-2020\/","og_site_name":"Beldur Barik","article_modified_time":"2025-08-28T11:47:31+00:00","twitter_card":"summary_large_image","twitter_misc":{"Est. reading time":"1 minutua"},"schema":{"@context":"https:\/\/schema.org","@graph":[{"@type":"WebPage","@id":"https:\/\/beldurbarik.eus\/eu\/lehiaketa\/aurreko-urteak\/lan-irabazleak-2020\/","url":"https:\/\/beldurbarik.eus\/eu\/lehiaketa\/aurreko-urteak\/lan-irabazleak-2020\/","name":"Lan irabazleak 2020 - Beldur Barik","isPartOf":{"@id":"https:\/\/beldurbarik.eus\/#website"},"datePublished":"2024-08-27T12:21:57+00:00","dateModified":"2025-08-28T11:47:31+00:00","breadcrumb":{"@id":"https:\/\/beldurbarik.eus\/eu\/lehiaketa\/aurreko-urteak\/lan-irabazleak-2020\/#breadcrumb"},"inLanguage":"eu","potentialAction":[{"@type":"ReadAction","target":["https:\/\/beldurbarik.eus\/eu\/lehiaketa\/aurreko-urteak\/lan-irabazleak-2020\/"]}]},{"@type":"BreadcrumbList","@id":"https:\/\/beldurbarik.eus\/eu\/lehiaketa\/aurreko-urteak\/lan-irabazleak-2020\/#breadcrumb","itemListElement":[{"@type":"ListItem","position":1,"name":"Home","item":"https:\/\/beldurbarik.eus\/eu\/"},{"@type":"ListItem","position":2,"name":"Lehiaketa","item":"https:\/\/beldurbarik.eus\/eu\/01-hasiera__trashed\/lehiaketa\/"},{"@type":"ListItem","position":3,"name":"Aurreko urteak","item":"https:\/\/beldurbarik.eus\/eu\/01-hasiera__trashed\/lehiaketa\/aurreko-urteak\/"},{"@type":"ListItem","position":4,"name":"Lan irabazleak 2020"}]},{"@type":"WebSite","@id":"https:\/\/beldurbarik.eus\/#website","url":"https:\/\/beldurbarik.eus\/","name":"Beldur Barik","description":"Pentsatu, eztabaidatu eta ekin Beldur Barik jarrerarekin!","potentialAction":[{"@type":"SearchAction","target":{"@type":"EntryPoint","urlTemplate":"https:\/\/beldurbarik.eus\/?s={search_term_string}"},"query-input":{"@type":"PropertyValueSpecification","valueRequired":true,"valueName":"search_term_string"}}],"inLanguage":"eu"}]}},"_links":{"self":[{"href":"https:\/\/beldurbarik.eus\/eu\/wp-json\/wp\/v2\/pages\/50105","targetHints":{"allow":["GET"]}}],"collection":[{"href":"https:\/\/beldurbarik.eus\/eu\/wp-json\/wp\/v2\/pages"}],"about":[{"href":"https:\/\/beldurbarik.eus\/eu\/wp-json\/wp\/v2\/types\/page"}],"author":[{"embeddable":true,"href":"https:\/\/beldurbarik.eus\/eu\/wp-json\/wp\/v2\/users\/2124"}],"replies":[{"embeddable":true,"href":"https:\/\/beldurbarik.eus\/eu\/wp-json\/wp\/v2\/comments?post=50105"}],"version-history":[{"count":5,"href":"https:\/\/beldurbarik.eus\/eu\/wp-json\/wp\/v2\/pages\/50105\/revisions"}],"predecessor-version":[{"id":52113,"href":"https:\/\/beldurbarik.eus\/eu\/wp-json\/wp\/v2\/pages\/50105\/revisions\/52113"}],"up":[{"embeddable":true,"href":"https:\/\/beldurbarik.eus\/eu\/wp-json\/wp\/v2\/pages\/50092"}],"wp:attachment":[{"href":"https:\/\/beldurbarik.eus\/eu\/wp-json\/wp\/v2\/media?parent=50105"}],"curies":[{"name":"wp","href":"https:\/\/api.w.org\/{rel}","templated":true}]}}